{"id":413,"date":"2022-03-28T05:42:12","date_gmt":"2022-03-28T05:42:12","guid":{"rendered":"https:\/\/hurtanherkkujahuolto.fi\/?page_id=413"},"modified":"2023-01-17T16:35:15","modified_gmt":"2023-01-17T16:35:15","slug":"413-2","status":"publish","type":"page","link":"https:\/\/hurtanherkkujahuolto.fi\/?page_id=413","title":{"rendered":"Koirahieronta"},"content":{"rendered":"<p>[et_pb_section fb_built=&#8221;1&#8243; admin_label=&#8221;Header&#8221; _builder_version=&#8221;4.14.3&#8243; _module_preset=&#8221;default&#8221; background_color=&#8221;#fdc732&#8243; background_image=&#8221;https:\/\/hurtanherkkujahuolto.fi\/wp-content\/uploads\/2021\/12\/pet-shop-37.png&#8221; background_size=&#8221;contain&#8221; background_position=&#8221;bottom_center&#8221; custom_padding=&#8221;8vw||8vw||true|false&#8221; locked=&#8221;off&#8221; global_colors_info=&#8221;{}&#8221;][et_pb_row column_structure=&#8221;3_4,1_4&#8243; _builder_version=&#8221;4.14.3&#8243; _module_preset=&#8221;default&#8221; custom_margin=&#8221;|auto|23px|auto||&#8221; hover_enabled=&#8221;0&#8243; global_colors_info=&#8221;{}&#8221; sticky_enabled=&#8221;0&#8243;][et_pb_column type=&#8221;3_4&#8243; _builder_version=&#8221;4.5.1&#8243; _module_preset=&#8221;default&#8221; global_colors_info=&#8221;{}&#8221;][et_pb_text _builder_version=&#8221;4.14.3&#8243; _module_preset=&#8221;default&#8221; header_font=&#8221;Autour One|700|||||||&#8221; header_text_color=&#8221;#000000&#8243; header_font_size=&#8221;52px&#8221; header_line_height=&#8221;1.2em&#8221; max_width=&#8221;706px&#8221; module_alignment=&#8221;left&#8221; custom_margin=&#8221;||10px||false|false&#8221; hover_enabled=&#8221;0&#8243; header_font_size_tablet=&#8221;42px&#8221; header_font_size_phone=&#8221;36px&#8221; header_font_size_last_edited=&#8221;on|phone&#8221; locked=&#8221;off&#8221; global_colors_info=&#8221;{}&#8221; sticky_enabled=&#8221;0&#8243;]<\/p>\n<h1>Koirahieronta<\/h1>\n<p>[\/et_pb_text][\/et_pb_column][et_pb_column type=&#8221;1_4&#8243; _builder_version=&#8221;4.5.1&#8243; _module_preset=&#8221;default&#8221; global_colors_info=&#8221;{}&#8221;][et_pb_image src=&#8221;https:\/\/hurtanherkkujahuolto.fi\/wp-content\/uploads\/2021\/12\/koira4-1muokattu.png&#8221; title_text=&#8221;koira4 (1)muokattu&#8221; _builder_version=&#8221;4.14.3&#8243; _module_preset=&#8221;default&#8221; transform_rotate=&#8221;0deg|180deg|0deg&#8221; global_colors_info=&#8221;{}&#8221;][\/et_pb_image][\/et_pb_column][\/et_pb_row][\/et_pb_section][et_pb_section fb_built=&#8221;1&#8243; _builder_version=&#8221;4.14.3&#8243; _module_preset=&#8221;default&#8221; global_colors_info=&#8221;{}&#8221;][et_pb_row _builder_version=&#8221;4.14.3&#8243; _module_preset=&#8221;default&#8221; global_colors_info=&#8221;{}&#8221;][et_pb_column type=&#8221;4_4&#8243; _builder_version=&#8221;4.14.3&#8243; _module_preset=&#8221;default&#8221; global_colors_info=&#8221;{}&#8221;][et_pb_text _builder_version=&#8221;4.14.3&#8243; _module_preset=&#8221;default&#8221; global_colors_info=&#8221;{}&#8221;]<\/p>\n<h3><strong>Mit\u00e4 koirahieronta on?<\/strong><\/h3>\n<p>Kaikki koirat hy\u00f6tyv\u00e4t hieronnasta. Hieronnan ansiosta aineenvaihdunta vilkastuu, imuneste- ja verenkierto tehostuu, kuona-aineiden poistuminen nopeutuu, kipu helpottaa ja lihasten elastisuus lis\u00e4\u00e4ntyy.<\/p>\n<p>Hieronnalla on my\u00f6s hermostoa tasapainottava vaikutus. Edell\u00e4 mainittujen vaikutusten ansiosta koiran voi hyvin sek\u00e4 fyysisesti ett\u00e4 psyykkisesti! Hyv\u00e4n olon tuntemus on edellytys, ett\u00e4 koira mm. l\u00e4htee mielell\u00e4\u00e4n lenkille, innostuu treeneiss\u00e4 sek\u00e4 jaksaa tehd\u00e4 t\u00f6it\u00e4.<\/p>\n<p>Hieronta sopii kaikenik\u00e4isille koirille, hierontaotteet mukautetaan koiran ik\u00e4 huomioiden ts. nuorta, kasvavaa<br \/>koiraa ei hierota kuten aikuista aktiivik\u00e4yt\u00f6ss\u00e4 olevaa. Hieronta vilkastuttaa aineenvaihduntaa sek\u00e4 tehostaa imuneste- ja verenkiertoa, jolloin kuona-aineiden poistuminen lihaksistosta nopeutuu. Se my\u00f6s helpottaa kipuja sek\u00e4 lis\u00e4\u00e4 lihasten elastisuutta. Palautuminen nopeutuu. Hieronta vaikuttaa positiivisesti my\u00f6s koiran hermostoon ja henkiseen puoleen rentouttaen. Edell\u00e4 mainittujen vaikutusten ansiosta koiran voi hyvin sek\u00e4 fyysisesti ett\u00e4 psyykkisesti!<\/p>\n<p>Hyv\u00e4n olon tuntemus on edellytys, ett\u00e4 koira mm. l\u00e4htee mielell\u00e4\u00e4n lenkille, innostuu treeneiss\u00e4 sek\u00e4 jaksaa tehd\u00e4 t\u00f6it\u00e4. Hierontaa olisikin paras k\u00e4ytt\u00e4\u00e4 ennaltaehk\u00e4isev\u00e4n\u00e4 hoitomuotona. Hieronnasta hy\u00f6tyv\u00e4t l\u00e4hestulkoon kaikki koirat rotuun, aktiivisuuteen tai kokoon katsomatta.<\/p>\n<p>Hieronta suoritetaan koiran maatessa p\u00f6yd\u00e4ll\u00e4 tai lattialla kyljell\u00e4\u00e4n. Tottumaton tai arka koira voidaan hieroa my\u00f6s istuen tai seisten ja edet\u00e4 hiljalleen kylkiasentoon koiran tottuessa k\u00e4sittelyyn. Kyljelleen makuuta kannattaa harjoitella etuk\u00e4teen kotona. Paras lopputulos saadaan koiran ollessa rento. Hieronta kest\u00e4\u00e4 n. 60 min koirasta riippuen.Hieronnan tukena voidaan k\u00e4ytt\u00e4\u00e4 my\u00f6s laseria.<\/p>\n<p>Jo ensimm\u00e4isell\u00e4 kerralla saadaan paljon aikaan, mutta jos koiran lihakset ovat todella kire\u00e4t voidaan vaatia useampi hoitokerta tihe\u00e4sti, jotta koira saadaan ensin avattua ja sitten siirty\u00e4 yll\u00e4pitohuoltoon. Harrastuskoirilla ja luusto-ongelmaisilla voidaan tarvita s\u00e4\u00e4nn\u00f6llist\u00e4 hierontaa jotta koira pysyy hyv\u00e4ss\u00e4 kunnossa ja kivuttomana.<\/p>\n<h3><strong>Milloin koirahierojalle?<\/strong><\/h3>\n<p>Jokainen koira oireilee lihasj\u00e4ykkyyksi\u00e4 yksil\u00f6llisesti kehollaan ja k\u00e4yt\u00f6ksell\u00e4\u00e4n.<\/p>\n<p>T\u00e4llaisia oireita<br \/>voivat olla mm.<br \/>-Haluttomuus hyp\u00e4t\u00e4 tai koira voi hakea sopivaa ponnistuspaikkaa hyp\u00e4tess\u00e4\u00e4n autoon, sohvalle<br \/>tai esteen yli<br \/>-Haluttomuus liikkua tai nopea v\u00e4syminen lenkill\u00e4<br \/>-Lyhyt tai j\u00e4ykk\u00e4 askellus<br \/>-Joidenkin asentojen tai askellajien v\u00e4ltt\u00e4minen<br \/>-Koira seisoo takajalat allaan, alaselk\u00e4 k\u00f6yryss\u00e4<br \/>-Sel\u00e4n v\u00e4r\u00e4htely sit\u00e4 koskettaessa<br \/>-Muutokset venyttelyss\u00e4<br \/>-Koira nuolee tai puree toistuvasti ranteitaan, polviaan tai alaselk\u00e4\u00e4ns\u00e4<br \/>-Koira on j\u00e4ykk\u00e4 levon tai rasituksen j\u00e4lkeen<br \/>-Kilpailuissa suoritustaso laskee<br \/>-K\u00e4sittelyn v\u00e4ltteleminen<br \/>-Valjaiden tai kaulapannan v\u00e4istely<br \/>-Vet\u00e4ytyv\u00e4 tai muu muutos k\u00e4yt\u00f6ksess\u00e4<br \/>-Aggressiivisuus<br \/>Mik\u00e4li olet ep\u00e4varma koirasi hieronnan tarpeesta, aina voit my\u00f6s varata 30min ajan<br \/>tarvekartoitukseen.<\/p>\n<h3><strong>Miten hieronta edesauttaa?<\/strong><\/h3>\n<p><strong><span style=\"text-decoration: underline;\">Harrastavat koirat:<\/span><\/strong>\u00a0 Harrastavien koirien lihashuolto on t\u00e4rke\u00e4\u00e4, jotta koira pystyy parhaaseen mahdolliseen suoritukseen. Hieronta lis\u00e4\u00e4 lihasten elastisuutta ja venyvyytt\u00e4, mik\u00e4 pienent\u00e4\u00e4 rev\u00e4hdysriskej\u00e4. Hieronta auttaa koiran lihaksia palautumaan, ja se poistaa kertyneit\u00e4 maitohappoja. Agilityss\u00e4 hieronnan hy\u00f6dyt n\u00e4kyv\u00e4t nopeutuneina aikoina ja puhtaina ratoina. Koiran hyppytekniikka on hyv\u00e4, se ei tiputtele rimoja ja keppien pujottelu onnistuu ketter\u00e4sti. My\u00f6s koordinaatio ja tasapaino ovat parempia esim. puomilla.<\/p>\n<p>Toko-\/rallytoko-\/pk-koirilla hieronnan avulla saadaan mm. puhtaampia liikkeit\u00e4, koiran on helpompi menn\u00e4 makuulle tai l\u00e4hte\u00e4 liikkeelle, seuraaminen on vaivatonta, lihaksisto pysyy tasapainoisena ja hypyt onnistuvat. Koira nauttii muutenkin tekemisest\u00e4.<\/p>\n<p><strong><span style=\"text-decoration: underline;\">Vanhat koirat ja nivelrikkoiset:<\/span><\/strong>\u00a0 Vanhojen koirien lihaksisto heikkenee ja palautuu hitaammin. Nivelrikkoisten koirien lihaksisto voi kuormittua toispuoleisesti, joilloin hieronnalla saadaan helpottettua toispuoleista rasitusta ja poistettua kipua.<\/p>\n<p><strong><span style=\"text-decoration: underline;\">N\u00e4yttelykoirat:<\/span><\/strong> Pitk\u00e4 n\u00e4yttelyp\u00e4iv\u00e4 on koiralle rasitus, jolloin sen lihaksistosta ja kunnosta tulee pit\u00e4\u00e4 hyv\u00e4\u00e4 huolta. Hieronnalla saadaan pidetty\u00e4 koiran liikkeet ja ryhti hyvin\u00e4.<\/p>\n<p><span style=\"text-decoration: underline;\"><strong>Kuntoutuspotilaat:<\/strong><\/span>\u00a0 Leikkauksesta tulee yleens\u00e4 pitk\u00e4 lepo ja lihaksisto heikkenee. Kuntoutusvaiheessa koiran lihaksisto joutuu koville, jos joku raajoista ei toimi viel\u00e4 kunnolla. Hieronnalla saadaan vilkastettua verenkiertoa kipe\u00e4\u00e4n raajaan ja autettua muita raajoja rasituksessa. Haavojen hoitoon voidaan k\u00e4ytt\u00e4\u00e4 laseria, joka auttaa niiden parantumisessa ja ehk\u00e4isee arpikudosta.<\/p>\n<p><span style=\"text-decoration: underline;\"><strong>Synnytt\u00e4v\u00e4t ja synnytt\u00e4neet nartut:<\/strong><\/span> Koiran lihaksisto joutuu koville kantoaikana ja synnytyksess\u00e4. On hyv\u00e4 hoitaa koiran lihakset kuntoon ennen astutusta ja synnytyksen j\u00e4lkeen, kun imetysaika ohi ja pennut ovat l\u00e4hteneet koteihinsa.<\/p>\n<p><span style=\"text-decoration: underline;\"><strong>Kotikoirat:<\/strong> <\/span>My\u00f6s kotikoirien lihakset voivat jumittua yksipuolisen liikunnan seurauksesta tai ihan vain hihnassa vet\u00e4misest\u00e4. Hieronnalla ehk\u00e4ist\u00e4\u00e4n ongelmien synty\u00e4 sek\u00e4 hoidetaan jo syntyneit\u00e4 ongelmia.<\/p>\n<h3><\/h3>\n<h3><\/h3>\n<h3><\/h3>\n<h3><strong>Ohjeita hierontaan tulevalle<\/strong><\/h3>\n<p>&nbsp;<\/p>\n<p>\u2013 \u00c4l\u00e4 ruoki koiraa 1,5-2 tuntia ennen ja j\u00e4lkeen hieronnan<br \/>\u2013 K\u00e4yt\u00e4 koira lenkill\u00e4 tai v\u00e4hint\u00e4\u00e4n tarpeillaan ennen hierontaa<br \/>\u2013 Ensimm\u00e4isell\u00e4 kerralla ota mukaan rokotuskortti sek\u00e4 mahdolliset el\u00e4inl\u00e4\u00e4k\u00e4rin tai fysioterapeutin lausunnot<br \/>&#8211; Ota mukaan hierontaan koirasi lempinameja<br \/>\u2013 Omistaja on paikalla hieronnan ajan<br \/>\u2013 Hieronnan j\u00e4lkeen kevyt lenkki ja huolehdittava koiran nesteen saannista, loppup\u00e4iv\u00e4 lepoa.<br \/>&#8211; Kylmill\u00e4 keleill\u00e4 kannattaa ottaa mukaan BOT-loimi tai muu takki suojaamaan l\u00e4mpimi\u00e4 lihaksia.<br \/>&#8211; Seuraava p\u00e4iv\u00e4 vapaa raskaasta liikunnasta ja treeneist\u00e4.<\/p>\n<p><strong>Esteit\u00e4 koiran hierontaan:<\/strong><br \/>\u2013 Juoksu, valeraskaus tai tiineys<br \/>\u2013 Tarttuvat taudit (kirput, kennelysk\u00e4)<br \/>\u2013 Sy\u00f6p\u00e4 ja kasvaimet (hieronta edist\u00e4\u00e4 levi\u00e4mist\u00e4)<br \/>\u2013 Murtumat ja rev\u00e4htym\u00e4t akuuttivaiheessa (my\u00f6hemmin hieronnasta voi olla apua paranemiseen<br \/>ja korjaamaan toispuoleisuutta)<br \/>\u2013 L\u00e4\u00e4kitys, esim. antibiootti (jatkuvasta l\u00e4\u00e4kityksest\u00e4 kysy neuvoa hierojalta tai el\u00e4inl\u00e4\u00e4k\u00e4rilt\u00e4)<br \/>\u2013 Kisat ja treenit \u2013 hieronnan j\u00e4lkeen koira tarvitsee ainakin yhden lepop\u00e4iv\u00e4n<br \/>\u2013 Tulehdukset ja ihosairaudet<br \/>\u2013 Epilepsia ja syd\u00e4nviat (el\u00e4inl\u00e4\u00e4k\u00e4rin luvalla)<br \/>\u2013 Rokotuksen ja hieronnan v\u00e4lill\u00e4 on oltava viikko mahdollisen rokotusreaktion varalta<\/p>\n<p>&nbsp;<\/p>\n<h2>Koirahuoltamo Kunnossa<\/h2>\n<p>Seija Helenius<\/p>\n<p><span>&#8211; Koulutettu koirahieroja (2019) <\/span><\/p>\n<p><span>&#8211; Koulutettu koiran j\u00e4senkorjaaja (2021)\u00a0<\/span><\/p>\n<p>p. 040 1724172<\/p>\n<p>koirahuoltamo.kunnossa@gmail.com<\/p>\n<p>AJANVARAUKSEEN p\u00e4\u00e4set <a href=\"http:\/\/www.nettiaika.fi\/hurtanherkkujahuolto\">T\u00c4ST\u00c4.<\/a><\/p>\n<p>Seuraa meit\u00e4 my\u00f6s INSTAGRAMISSA JA FACEBOOKISSA<\/p>\n<p>[\/et_pb_text][\/et_pb_column][\/et_pb_row][\/et_pb_section][et_pb_section fb_built=&#8221;1&#8243; _builder_version=&#8221;4.14.3&#8243; _module_preset=&#8221;default&#8221; global_colors_info=&#8221;{}&#8221;][et_pb_row _builder_version=&#8221;4.14.3&#8243; _module_preset=&#8221;default&#8221; global_colors_info=&#8221;{}&#8221;][et_pb_column type=&#8221;4_4&#8243; _builder_version=&#8221;4.14.3&#8243; _module_preset=&#8221;default&#8221; global_colors_info=&#8221;{}&#8221;][et_pb_image src=&#8221;https:\/\/hurtanherkkujahuolto.fi\/wp-content\/uploads\/2022\/03\/WhatsApp-Image-2022-03-24-at-14.20.05.jpeg&#8221; title_text=&#8221;WhatsApp Image 2022-03-24 at 14.20.05&#8243; _builder_version=&#8221;4.14.3&#8243; _module_preset=&#8221;default&#8221; width=&#8221;44%&#8221; max_width=&#8221;44%&#8221; module_alignment=&#8221;center&#8221; animation_style=&#8221;slide&#8221; border_radii=&#8221;on|39px|39px|39px|39px&#8221; box_shadow_style=&#8221;preset1&#8243; global_colors_info=&#8221;{}&#8221;][\/et_pb_image][\/et_pb_column][\/et_pb_row][\/et_pb_section][et_pb_section fb_built=&#8221;1&#8243; admin_label=&#8221;Footer&#8221; _builder_version=&#8221;4.5.1&#8243; _module_preset=&#8221;default&#8221; background_color=&#8221;#f4fafa&#8221; top_divider_style=&#8221;ramp&#8221; top_divider_color=&#8221;#ffffff&#8221; top_divider_height=&#8221;80%&#8221; top_divider_flip=&#8221;vertical&#8221; locked=&#8221;off&#8221; global_colors_info=&#8221;{}&#8221;][et_pb_row column_structure=&#8221;1_4,1_4,1_4,1_4&#8243; _builder_version=&#8221;4.5.1&#8243; _module_preset=&#8221;default&#8221; global_colors_info=&#8221;{}&#8221;][et_pb_column type=&#8221;1_4&#8243; _builder_version=&#8221;4.5.1&#8243; _module_preset=&#8221;default&#8221; global_colors_info=&#8221;{}&#8221;][et_pb_text _builder_version=&#8221;4.14.3&#8243; _module_preset=&#8221;default&#8221; text_font_size=&#8221;16px&#8221; text_line_height=&#8221;1.4em&#8221; header_2_line_height=&#8221;1.3em&#8221; header_3_font=&#8221;Autour One|700|||||||&#8221; header_3_text_color=&#8221;#000000&#8243; header_3_font_size=&#8221;16px&#8221; header_3_line_height=&#8221;1.6em&#8221; custom_margin=&#8221;||10px||false|false&#8221; text_font_size_tablet=&#8221;&#8221; text_font_size_phone=&#8221;14px&#8221; text_font_size_last_edited=&#8221;on|phone&#8221; text_line_height_tablet=&#8221;1.6em&#8221; text_line_height_phone=&#8221;1.8em&#8221; text_line_height_last_edited=&#8221;on|tablet&#8221; header_2_line_height_tablet=&#8221;1.5em&#8221; header_2_line_height_phone=&#8221;1.6em&#8221; header_2_line_height_last_edited=&#8221;on|desktop&#8221; header_3_font_size_tablet=&#8221;18px&#8221; header_3_font_size_phone=&#8221;16px&#8221; header_3_font_size_last_edited=&#8221;off|desktop&#8221; header_3_line_height_tablet=&#8221;1.5em&#8221; header_3_line_height_phone=&#8221;1.6em&#8221; header_3_line_height_last_edited=&#8221;off|desktop&#8221; global_colors_info=&#8221;{}&#8221;]<\/p>\n<h3>Hurtan Herkku ja Huolto<\/h3>\n<p>[\/et_pb_text][et_pb_text _builder_version=&#8221;4.14.3&#8243; _module_preset=&#8221;default&#8221; text_font=&#8221;Josefin Sans||||||||&#8221; text_text_color=&#8221;#000000&#8243; text_font_size=&#8221;16px&#8221; text_line_height=&#8221;1.4em&#8221; header_2_line_height=&#8221;1.3em&#8221; header_3_font=&#8221;Autour One|700|||||||&#8221; header_3_text_color=&#8221;#000000&#8243; header_3_line_height=&#8221;1.4em&#8221; text_font_size_tablet=&#8221;&#8221; text_font_size_phone=&#8221;14px&#8221; text_font_size_last_edited=&#8221;on|phone&#8221; text_line_height_tablet=&#8221;1.6em&#8221; text_line_height_phone=&#8221;1.8em&#8221; text_line_height_last_edited=&#8221;on|tablet&#8221; header_2_line_height_tablet=&#8221;1.5em&#8221; header_2_line_height_phone=&#8221;1.6em&#8221; header_2_line_height_last_edited=&#8221;on|desktop&#8221; header_3_font_size_tablet=&#8221;18px&#8221; header_3_font_size_phone=&#8221;16px&#8221; header_3_font_size_last_edited=&#8221;on|phone&#8221; header_3_line_height_tablet=&#8221;1.5em&#8221; header_3_line_height_phone=&#8221;1.6em&#8221; header_3_line_height_last_edited=&#8221;on|phone&#8221; global_colors_info=&#8221;{}&#8221;]<\/p>\n<p>Lemmikkien hyvinvointikeskus<\/p>\n<p>[\/et_pb_text][\/et_pb_column][et_pb_column type=&#8221;1_4&#8243; _builder_version=&#8221;4.5.1&#8243; _module_preset=&#8221;default&#8221; global_colors_info=&#8221;{}&#8221;][et_pb_text _builder_version=&#8221;4.14.3&#8243; _module_preset=&#8221;default&#8221; text_font_size=&#8221;16px&#8221; text_line_height=&#8221;1.4em&#8221; header_2_line_height=&#8221;1.3em&#8221; header_3_font=&#8221;Autour One|700|||||||&#8221; header_3_text_color=&#8221;#000000&#8243; header_3_font_size=&#8221;16px&#8221; header_3_line_height=&#8221;1.6em&#8221; custom_margin=&#8221;||10px||false|false&#8221; text_font_size_tablet=&#8221;&#8221; text_font_size_phone=&#8221;14px&#8221; text_font_size_last_edited=&#8221;on|phone&#8221; text_line_height_tablet=&#8221;1.6em&#8221; text_line_height_phone=&#8221;1.8em&#8221; text_line_height_last_edited=&#8221;on|tablet&#8221; header_2_line_height_tablet=&#8221;1.5em&#8221; header_2_line_height_phone=&#8221;1.6em&#8221; header_2_line_height_last_edited=&#8221;on|desktop&#8221; locked=&#8221;off&#8221; global_colors_info=&#8221;{}&#8221;]<\/p>\n<h3>Yhteystiedot<\/h3>\n<p>[\/et_pb_text][et_pb_text _builder_version=&#8221;4.14.3&#8243; _module_preset=&#8221;default&#8221; text_font=&#8221;Josefin Sans||||||||&#8221; text_text_color=&#8221;#000000&#8243; text_font_size=&#8221;16px&#8221; text_line_height=&#8221;1.4em&#8221; link_text_color=&#8221;#134c5f&#8221; header_2_line_height=&#8221;1.3em&#8221; header_3_font=&#8221;Autour One|700|||||||&#8221; header_3_text_color=&#8221;#000000&#8243; header_3_line_height=&#8221;1.4em&#8221; custom_padding=&#8221;|0px||||&#8221; text_font_size_tablet=&#8221;&#8221; text_font_size_phone=&#8221;14px&#8221; text_font_size_last_edited=&#8221;on|phone&#8221; text_line_height_tablet=&#8221;1.6em&#8221; text_line_height_phone=&#8221;1.8em&#8221; text_line_height_last_edited=&#8221;on|tablet&#8221; header_2_line_height_tablet=&#8221;1.5em&#8221; header_2_line_height_phone=&#8221;1.6em&#8221; header_2_line_height_last_edited=&#8221;on|desktop&#8221; header_3_font_size_tablet=&#8221;18px&#8221; header_3_font_size_phone=&#8221;16px&#8221; header_3_font_size_last_edited=&#8221;on|phone&#8221; header_3_line_height_tablet=&#8221;1.5em&#8221; header_3_line_height_phone=&#8221;1.6em&#8221; header_3_line_height_last_edited=&#8221;on|phone&#8221; global_colors_info=&#8221;{}&#8221;]<\/p>\n<p>Terveystie 18, 15860 Hollola<\/p>\n<p><a href=\"https:\/\/www.google.com\/search?q=hurtan+herkku+ja+huolto&amp;rlz=1C1CHBF_fiFI972FI972&amp;oq=hurtan+herkku+ja+huolto&amp;aqs=chrome..69i57j69i59j69i60l3.6839j0j7&amp;sourceid=chrome&amp;ie=UTF-8#\" data-dtype=\"d3ph\" data-local-attribute=\"d3ph\" data-ved=\"2ahUKEwi0tJjOsOv0AhUIuosKHZCcCFYQkAgoAHoECEIQAw\"><span aria-label=\"Soita numeroon 040 5591178\">040 5591178<\/span><\/a><\/p>\n<p>info@hurtan.fi<\/p>\n<p>[\/et_pb_text][\/et_pb_column][et_pb_column type=&#8221;1_4&#8243; _builder_version=&#8221;4.5.1&#8243; _module_preset=&#8221;default&#8221; global_colors_info=&#8221;{}&#8221;][et_pb_text _builder_version=&#8221;4.14.3&#8243; _module_preset=&#8221;default&#8221; text_font_size=&#8221;16px&#8221; text_line_height=&#8221;1.4em&#8221; header_2_line_height=&#8221;1.3em&#8221; header_3_font=&#8221;Autour One|700|||||||&#8221; header_3_text_color=&#8221;#000000&#8243; header_3_font_size=&#8221;16px&#8221; header_3_line_height=&#8221;1.6em&#8221; custom_margin=&#8221;||10px||false|false&#8221; text_font_size_tablet=&#8221;&#8221; text_font_size_phone=&#8221;14px&#8221; text_font_size_last_edited=&#8221;on|phone&#8221; text_line_height_tablet=&#8221;1.6em&#8221; text_line_height_phone=&#8221;1.8em&#8221; text_line_height_last_edited=&#8221;on|tablet&#8221; header_2_line_height_tablet=&#8221;1.5em&#8221; header_2_line_height_phone=&#8221;1.6em&#8221; header_2_line_height_last_edited=&#8221;on|desktop&#8221; locked=&#8221;off&#8221; global_colors_info=&#8221;{}&#8221;]<\/p>\n<h3>Aukioloajat:<\/h3>\n<p>[\/et_pb_text][et_pb_text _builder_version=&#8221;4.14.3&#8243; _module_preset=&#8221;default&#8221; text_font=&#8221;Josefin Sans||||||||&#8221; text_text_color=&#8221;#000000&#8243; text_font_size=&#8221;16px&#8221; text_line_height=&#8221;1.4em&#8221; link_text_color=&#8221;#134c5f&#8221; header_2_line_height=&#8221;1.3em&#8221; header_3_font=&#8221;Autour One|700|||||||&#8221; header_3_text_color=&#8221;#000000&#8243; header_3_line_height=&#8221;1.4em&#8221; text_font_size_tablet=&#8221;&#8221; text_font_size_phone=&#8221;14px&#8221; text_font_size_last_edited=&#8221;on|phone&#8221; text_line_height_tablet=&#8221;1.6em&#8221; text_line_height_phone=&#8221;1.8em&#8221; text_line_height_last_edited=&#8221;on|tablet&#8221; header_2_line_height_tablet=&#8221;1.5em&#8221; header_2_line_height_phone=&#8221;1.6em&#8221; header_2_line_height_last_edited=&#8221;on|desktop&#8221; header_3_font_size_tablet=&#8221;18px&#8221; header_3_font_size_phone=&#8221;16px&#8221; header_3_font_size_last_edited=&#8221;on|phone&#8221; header_3_line_height_tablet=&#8221;1.5em&#8221; header_3_line_height_phone=&#8221;1.6em&#8221; header_3_line_height_last_edited=&#8221;on|phone&#8221; global_colors_info=&#8221;{}&#8221;]<\/p>\n<p>Ma-Pe\u00a0 \u00a0 \u00a0 11\u201318<\/p>\n<p>La\u00a0 \u00a0 \u00a0 \u00a0 \u00a0 \u00a010-15<\/p>\n<p>Su\u00a0 \u00a0 \u00a0 \u00a0 \u00a0 \u00a0SULJETTU<\/p>\n<p>&nbsp;<\/p>\n<p>[\/et_pb_text][\/et_pb_column][et_pb_column type=&#8221;1_4&#8243; _builder_version=&#8221;4.5.1&#8243; _module_preset=&#8221;default&#8221; global_colors_info=&#8221;{}&#8221;][et_pb_image src=&#8221;https:\/\/hurtanherkkujahuolto.fi\/wp-content\/uploads\/2021\/12\/koira7muokattu.png&#8221; title_text=&#8221;koira7muokattu&#8221; _builder_version=&#8221;4.14.3&#8243; _module_preset=&#8221;default&#8221; global_colors_info=&#8221;{}&#8221;][\/et_pb_image][\/et_pb_column][\/et_pb_row][\/et_pb_section]<\/p>\n","protected":false},"excerpt":{"rendered":"<p>KoirahierontaMit\u00e4 koirahieronta on? Kaikki koirat hy\u00f6tyv\u00e4t hieronnasta. Hieronnan ansiosta aineenvaihdunta vilkastuu, imuneste- ja verenkierto tehostuu, kuona-aineiden poistuminen nopeutuu, kipu helpottaa ja lihasten elastisuus lis\u00e4\u00e4ntyy. Hieronnalla on my\u00f6s hermostoa tasapainottava vaikutus. Edell\u00e4 mainittujen vaikutusten ansiosta koiran voi hyvin sek\u00e4 fyysisesti ett\u00e4 psyykkisesti! Hyv\u00e4n olon tuntemus on edellytys, ett\u00e4 koira mm. l\u00e4htee mielell\u00e4\u00e4n lenkille, innostuu treeneiss\u00e4 sek\u00e4 [&hellip;]<\/p>\n","protected":false},"author":7,"featured_media":0,"parent":0,"menu_order":0,"comment_status":"closed","ping_status":"closed","template":"","meta":{"_et_pb_use_builder":"on","_et_pb_old_content":"","_et_gb_content_width":"","_mi_skip_tracking":false,"footnotes":""},"aioseo_notices":[],"_links":{"self":[{"href":"https:\/\/hurtanherkkujahuolto.fi\/index.php?rest_route=\/wp\/v2\/pages\/413"}],"collection":[{"href":"https:\/\/hurtanherkkujahuolto.fi\/index.php?rest_route=\/wp\/v2\/pages"}],"about":[{"href":"https:\/\/hurtanherkkujahuolto.fi\/index.php?rest_route=\/wp\/v2\/types\/page"}],"author":[{"embeddable":true,"href":"https:\/\/hurtanherkkujahuolto.fi\/index.php?rest_route=\/wp\/v2\/users\/7"}],"replies":[{"embeddable":true,"href":"https:\/\/hurtanherkkujahuolto.fi\/index.php?rest_route=%2Fwp%2Fv2%2Fcomments&post=413"}],"version-history":[{"count":10,"href":"https:\/\/hurtanherkkujahuolto.fi\/index.php?rest_route=\/wp\/v2\/pages\/413\/revisions"}],"predecessor-version":[{"id":509,"href":"https:\/\/hurtanherkkujahuolto.fi\/index.php?rest_route=\/wp\/v2\/pages\/413\/revisions\/509"}],"wp:attachment":[{"href":"https:\/\/hurtanherkkujahuolto.fi\/index.php?rest_route=%2Fwp%2Fv2%2Fmedia&parent=413"}],"curies":[{"name":"wp","href":"https:\/\/api.w.org\/{rel}","templated":true}]}}